{"id":1385,"date":"2021-10-22T15:37:18","date_gmt":"2021-10-22T13:37:18","guid":{"rendered":"http:\/\/lesgitesdelachouetteblanche.fr\/?page_id=1385"},"modified":"2025-04-23T17:19:54","modified_gmt":"2025-04-23T15:19:54","slug":"modalites-de-reservation","status":"publish","type":"page","link":"https:\/\/lesgitesdelachouetteblanche.fr\/?page_id=1385","title":{"rendered":"Modalit\u00e9s de r\u00e9servation"},"content":{"rendered":"\t\t<div data-elementor-type=\"wp-page\" data-elementor-id=\"1385\" class=\"elementor elementor-1385\">\n\t\t\t\t\t\t<section class=\"elementor-section elementor-top-section elementor-element elementor-element-fe95d66 elementor-section-boxed elementor-section-height-default elementor-section-height-default\" data-id=\"fe95d66\" data-element_type=\"section\" data-e-type=\"section\">\n\t\t\t\t\t\t<div class=\"elementor-container elementor-column-gap-default\">\n\t\t\t\t\t<div class=\"elementor-column elementor-col-100 elementor-top-column elementor-element elementor-element-81d6cf9\" data-id=\"81d6cf9\" data-element_type=\"column\" data-e-type=\"column\">\n\t\t\t<div class=\"elementor-widget-wrap elementor-element-populated\">\n\t\t\t\t\t\t<div class=\"elementor-element elementor-element-5299b8a elementor-widget elementor-widget-heading\" data-id=\"5299b8a\" data-element_type=\"widget\" data-e-type=\"widget\" data-widget_type=\"heading.default\">\n\t\t\t\t<div class=\"elementor-widget-container\">\n\t\t\t\t\t<h2 class=\"elementor-heading-title elementor-size-default\">Modalit\u00e9s de r\u00e9servation<\/h2>\t\t\t\t<\/div>\n\t\t\t\t<\/div>\n\t\t\t\t\t<\/div>\n\t\t<\/div>\n\t\t\t\t\t<\/div>\n\t\t<\/section>\n\t\t\t\t<section class=\"elementor-section elementor-top-section elementor-element elementor-element-c3b45ab elementor-section-stretched elementor-section-boxed elementor-section-height-default elementor-section-height-default\" data-id=\"c3b45ab\" data-element_type=\"section\" data-e-type=\"section\" data-settings=\"{&quot;stretch_section&quot;:&quot;section-stretched&quot;}\">\n\t\t\t\t\t\t<div class=\"elementor-container elementor-column-gap-default\">\n\t\t\t\t\t<div class=\"elementor-column elementor-col-100 elementor-top-column elementor-element elementor-element-44c8b7e\" data-id=\"44c8b7e\" data-element_type=\"column\" data-e-type=\"column\">\n\t\t\t<div class=\"elementor-widget-wrap elementor-element-populated\">\n\t\t\t\t\t\t<div class=\"elementor-element elementor-element-fdce05c elementor-widget elementor-widget-heading\" data-id=\"fdce05c\" data-element_type=\"widget\" data-e-type=\"widget\" data-widget_type=\"heading.default\">\n\t\t\t\t<div class=\"elementor-widget-container\">\n\t\t\t\t\t<h4 class=\"elementor-heading-title elementor-size-default\">Comment r\u00e9server les g\u00eetes ?<\/h4>\t\t\t\t<\/div>\n\t\t\t\t<\/div>\n\t\t\t\t\t<\/div>\n\t\t<\/div>\n\t\t\t\t\t<\/div>\n\t\t<\/section>\n\t\t\t\t<section class=\"elementor-section elementor-top-section elementor-element elementor-element-5cdc557 elementor-section-stretched elementor-section-boxed elementor-section-height-default elementor-section-height-default\" data-id=\"5cdc557\" data-element_type=\"section\" data-e-type=\"section\" data-settings=\"{&quot;stretch_section&quot;:&quot;section-stretched&quot;}\">\n\t\t\t\t\t\t<div class=\"elementor-container elementor-column-gap-default\">\n\t\t\t\t\t<div class=\"elementor-column elementor-col-100 elementor-top-column elementor-element elementor-element-bf7101b\" data-id=\"bf7101b\" data-element_type=\"column\" data-e-type=\"column\">\n\t\t\t<div class=\"elementor-widget-wrap elementor-element-populated\">\n\t\t\t\t\t\t<div class=\"elementor-element elementor-element-bc63989 elementor-widget elementor-widget-text-editor\" data-id=\"bc63989\" data-element_type=\"widget\" data-e-type=\"widget\" data-widget_type=\"text-editor.default\">\n\t\t\t\t<div class=\"elementor-widget-container\">\n\t\t\t\t\t\t\t\t\t<div>\n<p class=\"Textbody\">1.<b style=\"font-size: 1rem;\"> Demande de r\u00e9servation<\/b><\/p>\n<\/div>\n<div>\n<p class=\"Textbody\">Consulter le planning des disponibilit\u00e9s du g\u00eete ou du domaine&nbsp;pour savoir si les maisons sont disponibles aux dates souhait\u00e9es.<\/p>\n<\/div>\n<div>\n<p class=\"Textbody\">Puis communiquez nous les informations suivantes&nbsp; via le formulaire :<\/p>\n<\/div>\n<div>\n<p class=\"Textbody\">&nbsp;&nbsp;&nbsp; \u2022 Nom, pr\u00e9nom, adresse, e-mail et t\u00e9l\u00e9phone du loueur<\/p>\n<\/div>\n<div>\n<p class=\"Textbody\">&nbsp;&nbsp;&nbsp; \u2022 Date d\u2019arriv\u00e9e et date de d\u00e9part<\/p>\n<\/div>\n<div>\n<p class=\"Textbody\">&nbsp;&nbsp;&nbsp; \u2022 Nombres de personnes (pr\u00e9cisez le nombre d\u2019adultes et d\u2019enfants)<\/p>\n<p class=\"Textbody\"><span style=\"font-size: 1rem;\">FORMULAIRE ICI<\/span><\/p>\n<\/div>\n<div>\n<p class=\"Textbody\"><b>2. Confirmation de r\u00e9servation du g\u00eete ou du domaine<\/b><\/p>\n<\/div>\n<div>\n<p class=\"Textbody\">D\u00e8s la r\u00e9ception de ces informations<\/p>\n<\/div>\n<div>\n<p class=\"Textbody\">&nbsp;&nbsp;&nbsp; \u2022 Vous recevrez par mail, le&nbsp;contrat de location&nbsp;saisonni\u00e8re et ses&nbsp;annexes&nbsp;(\u00e9tat descriptif, conditions g\u00e9n\u00e9rales de location), qui peuvent vous \u00eatre envoy\u00e9s par courrier postal sur demande.<\/p>\n<\/div>\n<div>\n<p class=\"Textbody\">&nbsp;&nbsp;&nbsp; \u2022 Transmettre le&nbsp;contrat sign\u00e9&nbsp;(un scan ou une photo suffit) par mail ou par courrier postal.<\/p>\n<\/div>\n<div>\n<p class=\"Textbody\">&nbsp;&nbsp;&nbsp; \u2022 Proc\u00e9der au&nbsp;paiement de l\u2019acompte&nbsp;d\u2019un montant de 30% du prix de la location par virement de pr\u00e9f\u00e9rence, dans un d\u00e9lai de 7 jours pour confirmer d\u00e9finitivement la r\u00e9servation.<\/p>\n<\/div>\n<div>\n<p class=\"Textbody\">\n<\/p><\/div>\n<div>\n<p class=\"Textbody\"><b>3. Finalisation de l\u2019organisation du s\u00e9jour<\/b><\/p>\n<\/div>\n<div>\n<p class=\"Textbody\">Il reste encore quelques \u00e9tapes pour finir d\u2019organiser votre s\u00e9jour aux G\u00eetes de la Chouette Blanche :<\/p>\n<\/div>\n<div>\n<p class=\"Textbody\">&nbsp;&nbsp;&nbsp; \u2022 Transmettre une&nbsp;attestation&nbsp;de votre&nbsp;assurance habitation&nbsp;qui couvre \u00e9galement les locations saisonni\u00e8res, \u00e0 concurrence de 60 jours par an&nbsp;(Risques g\u00e9n\u00e9ralement couverts sans majoration).<\/p>\n<\/div>\n<div>\n<p class=\"Textbody\">&nbsp;&nbsp;&nbsp; \u2022 R\u00e9gler le solde du s\u00e9jour&nbsp;par virement ou par ch\u00e8que \u00e0 adresser par voie postale 45 jours avant votre arriv\u00e9e \u00e0 l\u2019ordre de SARL KPC ACTION.<\/p>\n<\/div>\n<div>\n<p class=\"Textbody\">\n<\/p><\/div>\n<div>\n<p class=\"Textbody\"><b>4. Le jour de votre arriv\u00e9e<\/b><\/p>\n<\/div>\n<div>\n<p class=\"Textbody\">&nbsp;&nbsp;&nbsp; \u2022 Accueil et visite de la maison ou du domaine&nbsp;le jour de votre arriv\u00e9e \u00e0 l\u2019heure qui aura \u00e9t\u00e9 convenue ensemble. Apr\u00e8s l\u2019\u00e9tat des lieux d\u2019entr\u00e9e, nous vous communiquerons les consignes et autres informations pratiques au bon d\u00e9roulement de votre s\u00e9jour.<\/p>\n<\/div>\n<div>\n<p class=\"Textbody\">&nbsp;&nbsp;&nbsp; \u2022 Remise du&nbsp;ch\u00e8que de d\u00e9p\u00f4t de garantie&nbsp;de 1000 \u20ac pour la maison de Caroline et 800\u20ac pour la maison d\u2019Eva \u00e0 l\u2019ordre de la SARL KPC ACTION (non encaiss\u00e9) qui vous sera restitu\u00e9 au plus tard 15 jours apr\u00e8s l\u2019\u00e9tat des lieux de sortie. R\u00e9gler le solde du s\u00e9jour (taxe de s\u00e9jour inclus), si vous ne l\u2019avez pas d\u00e9j\u00e0 fait.<\/p>\n<\/div>\n<div>\n<p class=\"Textbody\">Afin de profiter pleinement de vos derniers instants dans la maison, et terminer votre s\u00e9jour sereinement et sans contrainte, nous pouvons r\u00e9aliser le m\u00e9nage \u00e0 votre place pour un montant de <strong>180 \u20ac<\/strong> pour la maison de Caroline et <strong>120\u20ac<\/strong> pour la maison d\u2019Eva. Pour cela, consultez le document des&nbsp;options de location. A d\u00e9faut, cela vous engage \u00e0 le r\u00e9aliser de mani\u00e8re soign\u00e9e afin de laisser la maison pr\u00eate \u00e0 \u00eatre relou\u00e9e.<\/p>\n<\/div>\n<div>\n<p class=\"Textbody\">Le jour&nbsp; de votre d\u00e9part, nous r\u00e9aliserons ensemble l\u2019\u00e9tat des lieux de sortie.<\/p>\n<\/div>\t\t\t\t\t\t\t\t<\/div>\n\t\t\t\t<\/div>\n\t\t\t\t\t<\/div>\n\t\t<\/div>\n\t\t\t\t\t<\/div>\n\t\t<\/section>\n\t\t\t\t<\/div>\n\t\t","protected":false},"excerpt":{"rendered":"<p>Modalit\u00e9s de r\u00e9servation Comment r\u00e9server les g\u00eetes ? 1. Demande de r\u00e9servation Consulter le planning des disponibilit\u00e9s du g\u00eete ou du domaine&nbsp;pour savoir si les maisons sont disponibles aux dates souhait\u00e9es. Puis communiquez nous les informations suivantes&nbsp; via le formulaire : &nbsp;&nbsp;&nbsp; \u2022 Nom, pr\u00e9nom, adresse, e-mail et t\u00e9l\u00e9phone du loueur &nbsp;&nbsp;&nbsp; \u2022 Date d\u2019arriv\u00e9e &hellip; <a href=\"https:\/\/lesgitesdelachouetteblanche.fr\/?page_id=1385\" class=\"more-link\">Continue reading <span class=\"screen-reader-text\">Modalit\u00e9s de r\u00e9servation<\/span> <span class=\"meta-nav\">&rarr;<\/span><\/a><\/p>\n","protected":false},"author":1,"featured_media":0,"parent":0,"menu_order":0,"comment_status":"closed","ping_status":"closed","template":"","meta":{"_monsterinsights_skip_tracking":false,"_monsterinsights_sitenote_active":false,"_monsterinsights_sitenote_note":"","_monsterinsights_sitenote_category":0,"footnotes":""},"class_list":["post-1385","page","type-page","status-publish","hentry"],"yoast_head":"<!-- This site is optimized with the Yoast SEO plugin v27.4 - https:\/\/yoast.com\/product\/yoast-seo-wordpress\/ -->\n<title>Modalit\u00e9s de r\u00e9servation - Les G\u00eetes de la Chouette Blanche<\/title>\n<meta name=\"robots\" content=\"index, follow, max-snippet:-1, max-image-preview:large, max-video-preview:-1\" \/>\n<link rel=\"canonical\" href=\"https:\/\/lesgitesdelachouetteblanche.fr\/?page_id=1385\" \/>\n<meta property=\"og:locale\" content=\"fr_FR\" \/>\n<meta property=\"og:type\" content=\"article\" \/>\n<meta property=\"og:title\" content=\"Modalit\u00e9s de r\u00e9servation - Les G\u00eetes de la Chouette Blanche\" \/>\n<meta property=\"og:description\" content=\"Modalit\u00e9s de r\u00e9servation Comment r\u00e9server les g\u00eetes ? 1. Demande de r\u00e9servation Consulter le planning des disponibilit\u00e9s du g\u00eete ou du domaine&nbsp;pour savoir si les maisons sont disponibles aux dates souhait\u00e9es. Puis communiquez nous les informations suivantes&nbsp; via le formulaire : &nbsp;&nbsp;&nbsp; \u2022 Nom, pr\u00e9nom, adresse, e-mail et t\u00e9l\u00e9phone du loueur &nbsp;&nbsp;&nbsp; \u2022 Date d\u2019arriv\u00e9e &hellip; Continue reading Modalit\u00e9s de r\u00e9servation &rarr;\" \/>\n<meta property=\"og:url\" content=\"https:\/\/lesgitesdelachouetteblanche.fr\/?page_id=1385\" \/>\n<meta property=\"og:site_name\" content=\"Les G\u00eetes de la Chouette Blanche\" \/>\n<meta property=\"article:publisher\" content=\"https:\/\/www.facebook.com\/legitedelachouetteblanche\" \/>\n<meta property=\"article:modified_time\" content=\"2025-04-23T15:19:54+00:00\" \/>\n<meta name=\"twitter:card\" content=\"summary_large_image\" \/>\n<meta name=\"twitter:label1\" content=\"Dur\u00e9e de lecture estim\u00e9e\" \/>\n\t<meta name=\"twitter:data1\" content=\"3 minutes\" \/>\n<script type=\"application\/ld+json\" class=\"yoast-schema-graph\">{\"@context\":\"https:\\\/\\\/schema.org\",\"@graph\":[{\"@type\":\"WebPage\",\"@id\":\"https:\\\/\\\/lesgitesdelachouetteblanche.fr\\\/?page_id=1385\",\"url\":\"https:\\\/\\\/lesgitesdelachouetteblanche.fr\\\/?page_id=1385\",\"name\":\"Modalit\u00e9s de r\u00e9servation - Les G\u00eetes de la Chouette Blanche\",\"isPartOf\":{\"@id\":\"https:\\\/\\\/lesgitesdelachouetteblanche.fr\\\/#website\"},\"datePublished\":\"2021-10-22T13:37:18+00:00\",\"dateModified\":\"2025-04-23T15:19:54+00:00\",\"breadcrumb\":{\"@id\":\"https:\\\/\\\/lesgitesdelachouetteblanche.fr\\\/?page_id=1385#breadcrumb\"},\"inLanguage\":\"fr-FR\",\"potentialAction\":[{\"@type\":\"ReadAction\",\"target\":[\"https:\\\/\\\/lesgitesdelachouetteblanche.fr\\\/?page_id=1385\"]}]},{\"@type\":\"BreadcrumbList\",\"@id\":\"https:\\\/\\\/lesgitesdelachouetteblanche.fr\\\/?page_id=1385#breadcrumb\",\"itemListElement\":[{\"@type\":\"ListItem\",\"position\":1,\"name\":\"Accueil\",\"item\":\"https:\\\/\\\/lesgitesdelachouetteblanche.fr\\\/\"},{\"@type\":\"ListItem\",\"position\":2,\"name\":\"Modalit\u00e9s de r\u00e9servation\"}]},{\"@type\":\"WebSite\",\"@id\":\"https:\\\/\\\/lesgitesdelachouetteblanche.fr\\\/#website\",\"url\":\"https:\\\/\\\/lesgitesdelachouetteblanche.fr\\\/\",\"name\":\"Les G\u00eetes de la Chouette Blanche\",\"description\":\"\",\"publisher\":{\"@id\":\"https:\\\/\\\/lesgitesdelachouetteblanche.fr\\\/#organization\"},\"potentialAction\":[{\"@type\":\"SearchAction\",\"target\":{\"@type\":\"EntryPoint\",\"urlTemplate\":\"https:\\\/\\\/lesgitesdelachouetteblanche.fr\\\/?s={search_term_string}\"},\"query-input\":{\"@type\":\"PropertyValueSpecification\",\"valueRequired\":true,\"valueName\":\"search_term_string\"}}],\"inLanguage\":\"fr-FR\"},{\"@type\":\"Organization\",\"@id\":\"https:\\\/\\\/lesgitesdelachouetteblanche.fr\\\/#organization\",\"name\":\"Les G\u00eetes de la Chouette Blanche\",\"url\":\"https:\\\/\\\/lesgitesdelachouetteblanche.fr\\\/\",\"logo\":{\"@type\":\"ImageObject\",\"inLanguage\":\"fr-FR\",\"@id\":\"https:\\\/\\\/lesgitesdelachouetteblanche.fr\\\/#\\\/schema\\\/logo\\\/image\\\/\",\"url\":\"http:\\\/\\\/lesgitesdelachouetteblanche.fr\\\/wp-content\\\/uploads\\\/2021\\\/07\\\/cropped-cropped-cropped-Logo-LGDLCB_2-1.png\",\"contentUrl\":\"http:\\\/\\\/lesgitesdelachouetteblanche.fr\\\/wp-content\\\/uploads\\\/2021\\\/07\\\/cropped-cropped-cropped-Logo-LGDLCB_2-1.png\",\"width\":512,\"height\":512,\"caption\":\"Les G\u00eetes de la Chouette Blanche\"},\"image\":{\"@id\":\"https:\\\/\\\/lesgitesdelachouetteblanche.fr\\\/#\\\/schema\\\/logo\\\/image\\\/\"},\"sameAs\":[\"https:\\\/\\\/www.facebook.com\\\/legitedelachouetteblanche\",\"https:\\\/\\\/www.instagram.com\\\/gitesdelachouetteblanche\\\/\"]}]}<\/script>\n<!-- \/ Yoast SEO plugin. -->","yoast_head_json":{"title":"Modalit\u00e9s de r\u00e9servation - Les G\u00eetes de la Chouette Blanche","robots":{"index":"index","follow":"follow","max-snippet":"max-snippet:-1","max-image-preview":"max-image-preview:large","max-video-preview":"max-video-preview:-1"},"canonical":"https:\/\/lesgitesdelachouetteblanche.fr\/?page_id=1385","og_locale":"fr_FR","og_type":"article","og_title":"Modalit\u00e9s de r\u00e9servation - Les G\u00eetes de la Chouette Blanche","og_description":"Modalit\u00e9s de r\u00e9servation Comment r\u00e9server les g\u00eetes ? 1. Demande de r\u00e9servation Consulter le planning des disponibilit\u00e9s du g\u00eete ou du domaine&nbsp;pour savoir si les maisons sont disponibles aux dates souhait\u00e9es. Puis communiquez nous les informations suivantes&nbsp; via le formulaire : &nbsp;&nbsp;&nbsp; \u2022 Nom, pr\u00e9nom, adresse, e-mail et t\u00e9l\u00e9phone du loueur &nbsp;&nbsp;&nbsp; \u2022 Date d\u2019arriv\u00e9e &hellip; Continue reading Modalit\u00e9s de r\u00e9servation &rarr;","og_url":"https:\/\/lesgitesdelachouetteblanche.fr\/?page_id=1385","og_site_name":"Les G\u00eetes de la Chouette Blanche","article_publisher":"https:\/\/www.facebook.com\/legitedelachouetteblanche","article_modified_time":"2025-04-23T15:19:54+00:00","twitter_card":"summary_large_image","twitter_misc":{"Dur\u00e9e de lecture estim\u00e9e":"3 minutes"},"schema":{"@context":"https:\/\/schema.org","@graph":[{"@type":"WebPage","@id":"https:\/\/lesgitesdelachouetteblanche.fr\/?page_id=1385","url":"https:\/\/lesgitesdelachouetteblanche.fr\/?page_id=1385","name":"Modalit\u00e9s de r\u00e9servation - Les G\u00eetes de la Chouette Blanche","isPartOf":{"@id":"https:\/\/lesgitesdelachouetteblanche.fr\/#website"},"datePublished":"2021-10-22T13:37:18+00:00","dateModified":"2025-04-23T15:19:54+00:00","breadcrumb":{"@id":"https:\/\/lesgitesdelachouetteblanche.fr\/?page_id=1385#breadcrumb"},"inLanguage":"fr-FR","potentialAction":[{"@type":"ReadAction","target":["https:\/\/lesgitesdelachouetteblanche.fr\/?page_id=1385"]}]},{"@type":"BreadcrumbList","@id":"https:\/\/lesgitesdelachouetteblanche.fr\/?page_id=1385#breadcrumb","itemListElement":[{"@type":"ListItem","position":1,"name":"Accueil","item":"https:\/\/lesgitesdelachouetteblanche.fr\/"},{"@type":"ListItem","position":2,"name":"Modalit\u00e9s de r\u00e9servation"}]},{"@type":"WebSite","@id":"https:\/\/lesgitesdelachouetteblanche.fr\/#website","url":"https:\/\/lesgitesdelachouetteblanche.fr\/","name":"Les G\u00eetes de la Chouette Blanche","description":"","publisher":{"@id":"https:\/\/lesgitesdelachouetteblanche.fr\/#organization"},"potentialAction":[{"@type":"SearchAction","target":{"@type":"EntryPoint","urlTemplate":"https:\/\/lesgitesdelachouetteblanche.fr\/?s={search_term_string}"},"query-input":{"@type":"PropertyValueSpecification","valueRequired":true,"valueName":"search_term_string"}}],"inLanguage":"fr-FR"},{"@type":"Organization","@id":"https:\/\/lesgitesdelachouetteblanche.fr\/#organization","name":"Les G\u00eetes de la Chouette Blanche","url":"https:\/\/lesgitesdelachouetteblanche.fr\/","logo":{"@type":"ImageObject","inLanguage":"fr-FR","@id":"https:\/\/lesgitesdelachouetteblanche.fr\/#\/schema\/logo\/image\/","url":"http:\/\/lesgitesdelachouetteblanche.fr\/wp-content\/uploads\/2021\/07\/cropped-cropped-cropped-Logo-LGDLCB_2-1.png","contentUrl":"http:\/\/lesgitesdelachouetteblanche.fr\/wp-content\/uploads\/2021\/07\/cropped-cropped-cropped-Logo-LGDLCB_2-1.png","width":512,"height":512,"caption":"Les G\u00eetes de la Chouette Blanche"},"image":{"@id":"https:\/\/lesgitesdelachouetteblanche.fr\/#\/schema\/logo\/image\/"},"sameAs":["https:\/\/www.facebook.com\/legitedelachouetteblanche","https:\/\/www.instagram.com\/gitesdelachouetteblanche\/"]}]}},"_links":{"self":[{"href":"https:\/\/lesgitesdelachouetteblanche.fr\/index.php?rest_route=\/wp\/v2\/pages\/1385","targetHints":{"allow":["GET"]}}],"collection":[{"href":"https:\/\/lesgitesdelachouetteblanche.fr\/index.php?rest_route=\/wp\/v2\/pages"}],"about":[{"href":"https:\/\/lesgitesdelachouetteblanche.fr\/index.php?rest_route=\/wp\/v2\/types\/page"}],"author":[{"embeddable":true,"href":"https:\/\/lesgitesdelachouetteblanche.fr\/index.php?rest_route=\/wp\/v2\/users\/1"}],"replies":[{"embeddable":true,"href":"https:\/\/lesgitesdelachouetteblanche.fr\/index.php?rest_route=%2Fwp%2Fv2%2Fcomments&post=1385"}],"version-history":[{"count":27,"href":"https:\/\/lesgitesdelachouetteblanche.fr\/index.php?rest_route=\/wp\/v2\/pages\/1385\/revisions"}],"predecessor-version":[{"id":2532,"href":"https:\/\/lesgitesdelachouetteblanche.fr\/index.php?rest_route=\/wp\/v2\/pages\/1385\/revisions\/2532"}],"wp:attachment":[{"href":"https:\/\/lesgitesdelachouetteblanche.fr\/index.php?rest_route=%2Fwp%2Fv2%2Fmedia&parent=1385"}],"curies":[{"name":"wp","href":"https:\/\/api.w.org\/{rel}","templated":true}]}}