{"id":1684,"date":"2021-12-30T18:42:20","date_gmt":"2021-12-30T17:42:20","guid":{"rendered":"http:\/\/lesgitesdelachouetteblanche.fr\/?page_id=1684"},"modified":"2022-04-03T11:20:26","modified_gmt":"2022-04-03T09:20:26","slug":"gites-eco-responsables","status":"publish","type":"page","link":"https:\/\/lesgitesdelachouetteblanche.fr\/?page_id=1684","title":{"rendered":"G\u00eetes Eco-responsables"},"content":{"rendered":"\t\t<div data-elementor-type=\"wp-page\" data-elementor-id=\"1684\" class=\"elementor elementor-1684\">\n\t\t\t\t\t\t<section class=\"elementor-section elementor-top-section elementor-element elementor-element-56414a7 elementor-section-boxed elementor-section-height-default elementor-section-height-default\" data-id=\"56414a7\" data-element_type=\"section\" data-e-type=\"section\">\n\t\t\t\t\t\t<div class=\"elementor-container elementor-column-gap-default\">\n\t\t\t\t\t<div class=\"elementor-column elementor-col-100 elementor-top-column elementor-element elementor-element-19d72da\" data-id=\"19d72da\" data-element_type=\"column\" data-e-type=\"column\">\n\t\t\t<div class=\"elementor-widget-wrap elementor-element-populated\">\n\t\t\t\t\t\t<div class=\"elementor-element elementor-element-936c22f elementor-widget elementor-widget-heading\" data-id=\"936c22f\" data-element_type=\"widget\" data-e-type=\"widget\" data-widget_type=\"heading.default\">\n\t\t\t\t<div class=\"elementor-widget-container\">\n\t\t\t\t\t<h1 class=\"elementor-heading-title elementor-size-default\">G\u00eetes Eco-responsables<\/h1>\t\t\t\t<\/div>\n\t\t\t\t<\/div>\n\t\t\t\t\t<\/div>\n\t\t<\/div>\n\t\t\t\t\t<\/div>\n\t\t<\/section>\n\t\t\t\t<section class=\"elementor-section elementor-top-section elementor-element elementor-element-db9962e elementor-section-stretched elementor-section-boxed elementor-section-height-default elementor-section-height-default\" data-id=\"db9962e\" data-element_type=\"section\" data-e-type=\"section\" data-settings=\"{&quot;stretch_section&quot;:&quot;section-stretched&quot;}\">\n\t\t\t\t\t\t<div class=\"elementor-container elementor-column-gap-default\">\n\t\t\t\t\t<div class=\"elementor-column elementor-col-25 elementor-top-column elementor-element elementor-element-72da474\" data-id=\"72da474\" data-element_type=\"column\" data-e-type=\"column\">\n\t\t\t<div class=\"elementor-widget-wrap elementor-element-populated\">\n\t\t\t\t\t\t<div class=\"elementor-element elementor-element-e5865a3 elementor-widget elementor-widget-image\" data-id=\"e5865a3\" data-element_type=\"widget\" data-e-type=\"widget\" data-widget_type=\"image.default\">\n\t\t\t\t<div class=\"elementor-widget-container\">\n\t\t\t\t\t\t\t\t\t\t\t\t\t\t\t<img fetchpriority=\"high\" decoding=\"async\" width=\"253\" height=\"300\" src=\"https:\/\/lesgitesdelachouetteblanche.fr\/wp-content\/uploads\/2022\/02\/Chauffage-253x300.png\" class=\"attachment-medium size-medium wp-image-1743\" alt=\"\" srcset=\"https:\/\/lesgitesdelachouetteblanche.fr\/wp-content\/uploads\/2022\/02\/Chauffage-253x300.png 253w, https:\/\/lesgitesdelachouetteblanche.fr\/wp-content\/uploads\/2022\/02\/Chauffage.png 273w\" sizes=\"(max-width: 253px) 100vw, 253px\" \/>\t\t\t\t\t\t\t\t\t\t\t\t\t\t\t<\/div>\n\t\t\t\t<\/div>\n\t\t\t\t<div class=\"elementor-element elementor-element-8f2e4c8 elementor-widget elementor-widget-text-editor\" data-id=\"8f2e4c8\" data-element_type=\"widget\" data-e-type=\"widget\" data-widget_type=\"text-editor.default\">\n\t\t\t\t<div class=\"elementor-widget-container\">\n\t\t\t\t\t\t\t\t\t<ul><li>C\u00f4t\u00e9 chauffage, la Maison de Caroline est chauff\u00e9e par une chaudi\u00e8re \u00e0 pellets, et chacun des 2 g\u00eetes est agr\u00e9ment\u00e9 de po\u00eales \u00e0 bois pour les soir\u00e9es d\u2019hiver.<\/li><\/ul>\t\t\t\t\t\t\t\t<\/div>\n\t\t\t\t<\/div>\n\t\t\t\t\t<\/div>\n\t\t<\/div>\n\t\t\t\t<div class=\"elementor-column elementor-col-25 elementor-top-column elementor-element elementor-element-1f9c353\" data-id=\"1f9c353\" data-element_type=\"column\" data-e-type=\"column\">\n\t\t\t<div class=\"elementor-widget-wrap elementor-element-populated\">\n\t\t\t\t\t\t<div class=\"elementor-element elementor-element-ae7b51d elementor-widget elementor-widget-image\" data-id=\"ae7b51d\" data-element_type=\"widget\" data-e-type=\"widget\" data-widget_type=\"image.default\">\n\t\t\t\t<div class=\"elementor-widget-container\">\n\t\t\t\t\t\t\t\t\t\t\t\t\t\t\t<img decoding=\"async\" width=\"700\" height=\"694\" src=\"https:\/\/lesgitesdelachouetteblanche.fr\/wp-content\/uploads\/2022\/02\/herbe-dessin-grass-plant-green-flower-transparent-png-399946-1024x1015.png\" class=\"attachment-large size-large wp-image-1745\" alt=\"\" srcset=\"https:\/\/lesgitesdelachouetteblanche.fr\/wp-content\/uploads\/2022\/02\/herbe-dessin-grass-plant-green-flower-transparent-png-399946-1024x1015.png 1024w, https:\/\/lesgitesdelachouetteblanche.fr\/wp-content\/uploads\/2022\/02\/herbe-dessin-grass-plant-green-flower-transparent-png-399946-300x297.png 300w, https:\/\/lesgitesdelachouetteblanche.fr\/wp-content\/uploads\/2022\/02\/herbe-dessin-grass-plant-green-flower-transparent-png-399946-150x150.png 150w, https:\/\/lesgitesdelachouetteblanche.fr\/wp-content\/uploads\/2022\/02\/herbe-dessin-grass-plant-green-flower-transparent-png-399946-768x761.png 768w, https:\/\/lesgitesdelachouetteblanche.fr\/wp-content\/uploads\/2022\/02\/herbe-dessin-grass-plant-green-flower-transparent-png-399946-1536x1522.png 1536w, https:\/\/lesgitesdelachouetteblanche.fr\/wp-content\/uploads\/2022\/02\/herbe-dessin-grass-plant-green-flower-transparent-png-399946-700x694.png 700w, https:\/\/lesgitesdelachouetteblanche.fr\/wp-content\/uploads\/2022\/02\/herbe-dessin-grass-plant-green-flower-transparent-png-399946-100x100.png 100w, https:\/\/lesgitesdelachouetteblanche.fr\/wp-content\/uploads\/2022\/02\/herbe-dessin-grass-plant-green-flower-transparent-png-399946-404x400.png 404w, https:\/\/lesgitesdelachouetteblanche.fr\/wp-content\/uploads\/2022\/02\/herbe-dessin-grass-plant-green-flower-transparent-png-399946.png 1625w\" sizes=\"(max-width: 700px) 100vw, 700px\" \/>\t\t\t\t\t\t\t\t\t\t\t\t\t\t\t<\/div>\n\t\t\t\t<\/div>\n\t\t\t\t<div class=\"elementor-element elementor-element-08c2063 elementor-widget elementor-widget-text-editor\" data-id=\"08c2063\" data-element_type=\"widget\" data-e-type=\"widget\" data-widget_type=\"text-editor.default\">\n\t\t\t\t<div class=\"elementor-widget-container\">\n\t\t\t\t\t\t\t\t\t<ul><li>C\u00f4t\u00e9 jardin, l\u2019herbe tondue est r\u00e9utilis\u00e9e en paillage pour des potagers alentours.<\/li><\/ul>\t\t\t\t\t\t\t\t<\/div>\n\t\t\t\t<\/div>\n\t\t\t\t\t<\/div>\n\t\t<\/div>\n\t\t\t\t<div class=\"elementor-column elementor-col-25 elementor-top-column elementor-element elementor-element-97fad95\" data-id=\"97fad95\" data-element_type=\"column\" data-e-type=\"column\">\n\t\t\t<div class=\"elementor-widget-wrap elementor-element-populated\">\n\t\t\t\t\t\t<div class=\"elementor-element elementor-element-5c6c5d9 elementor-widget elementor-widget-image\" data-id=\"5c6c5d9\" data-element_type=\"widget\" data-e-type=\"widget\" data-widget_type=\"image.default\">\n\t\t\t\t<div class=\"elementor-widget-container\">\n\t\t\t\t\t\t\t\t\t\t\t\t\t\t\t<img decoding=\"async\" src=\"https:\/\/lesgitesdelachouetteblanche.fr\/wp-content\/uploads\/elementor\/thumbs\/Tri-selectif-pkeoiz6g6a70kjgj3xfw8imuz0biyqkfcf4osd0ni8.png\" title=\"Tri s\u00e9lectif\" alt=\"Tri s\u00e9lectif\" loading=\"lazy\" \/>\t\t\t\t\t\t\t\t\t\t\t\t\t\t\t<\/div>\n\t\t\t\t<\/div>\n\t\t\t\t<div class=\"elementor-element elementor-element-16240bf elementor-widget elementor-widget-text-editor\" data-id=\"16240bf\" data-element_type=\"widget\" data-e-type=\"widget\" data-widget_type=\"text-editor.default\">\n\t\t\t\t<div class=\"elementor-widget-container\">\n\t\t\t\t\t\t\t\t\t<ul><li>C\u00f4t\u00e9 d\u00e9chets, les g\u00eetes sont \u00e9quip\u00e9es de poubelles pour le tri s\u00e9lectif.<\/li><\/ul>\t\t\t\t\t\t\t\t<\/div>\n\t\t\t\t<\/div>\n\t\t\t\t\t<\/div>\n\t\t<\/div>\n\t\t\t\t<div class=\"elementor-column elementor-col-25 elementor-top-column elementor-element elementor-element-6d3dad4\" data-id=\"6d3dad4\" data-element_type=\"column\" data-e-type=\"column\">\n\t\t\t<div class=\"elementor-widget-wrap elementor-element-populated\">\n\t\t\t\t\t\t<div class=\"elementor-element elementor-element-7e44ae8 elementor-widget elementor-widget-image\" data-id=\"7e44ae8\" data-element_type=\"widget\" data-e-type=\"widget\" data-widget_type=\"image.default\">\n\t\t\t\t<div class=\"elementor-widget-container\">\n\t\t\t\t\t\t\t\t\t\t\t\t\t\t\t<img decoding=\"async\" width=\"512\" height=\"512\" src=\"https:\/\/lesgitesdelachouetteblanche.fr\/wp-content\/uploads\/2022\/02\/Ampoule-LED.png\" class=\"attachment-large size-large wp-image-1747\" alt=\"\" srcset=\"https:\/\/lesgitesdelachouetteblanche.fr\/wp-content\/uploads\/2022\/02\/Ampoule-LED.png 512w, https:\/\/lesgitesdelachouetteblanche.fr\/wp-content\/uploads\/2022\/02\/Ampoule-LED-300x300.png 300w, https:\/\/lesgitesdelachouetteblanche.fr\/wp-content\/uploads\/2022\/02\/Ampoule-LED-150x150.png 150w, https:\/\/lesgitesdelachouetteblanche.fr\/wp-content\/uploads\/2022\/02\/Ampoule-LED-100x100.png 100w, https:\/\/lesgitesdelachouetteblanche.fr\/wp-content\/uploads\/2022\/02\/Ampoule-LED-400x400.png 400w\" sizes=\"(max-width: 512px) 100vw, 512px\" \/>\t\t\t\t\t\t\t\t\t\t\t\t\t\t\t<\/div>\n\t\t\t\t<\/div>\n\t\t\t\t<div class=\"elementor-element elementor-element-09a61af elementor-widget elementor-widget-text-editor\" data-id=\"09a61af\" data-element_type=\"widget\" data-e-type=\"widget\" data-widget_type=\"text-editor.default\">\n\t\t\t\t<div class=\"elementor-widget-container\">\n\t\t\t\t\t\t\t\t\t<ul><li>C\u00f4t\u00e9 \u00e9clairage, les luminaires int\u00e9rieurs et ext\u00e9rieurs sont \u00e0 ampoules LED.<\/li><\/ul>\t\t\t\t\t\t\t\t<\/div>\n\t\t\t\t<\/div>\n\t\t\t\t\t<\/div>\n\t\t<\/div>\n\t\t\t\t\t<\/div>\n\t\t<\/section>\n\t\t\t\t<section class=\"elementor-section elementor-top-section elementor-element elementor-element-6a74618 elementor-section-boxed elementor-section-height-default elementor-section-height-default\" data-id=\"6a74618\" data-element_type=\"section\" data-e-type=\"section\">\n\t\t\t\t\t\t<div class=\"elementor-container elementor-column-gap-default\">\n\t\t\t\t\t<div class=\"elementor-column elementor-col-100 elementor-top-column elementor-element elementor-element-3cd7274\" data-id=\"3cd7274\" data-element_type=\"column\" data-e-type=\"column\">\n\t\t\t<div class=\"elementor-widget-wrap elementor-element-populated\">\n\t\t\t\t\t\t<div class=\"elementor-element elementor-element-404e519 elementor-widget elementor-widget-text-editor\" data-id=\"404e519\" data-element_type=\"widget\" data-e-type=\"widget\" data-widget_type=\"text-editor.default\">\n\t\t\t\t<div class=\"elementor-widget-container\">\n\t\t\t\t\t\t\t\t\t<p style=\"text-align: center;\">Nous avons \u00e9galement initi\u00e9 une d\u00e9marche d\u2019engagement pour le tourisme durable accompagn\u00e9e par le d\u00e9partement des Deux-S\u00e8vres.<\/p>\t\t\t\t\t\t\t\t<\/div>\n\t\t\t\t<\/div>\n\t\t\t\t\t<\/div>\n\t\t<\/div>\n\t\t\t\t\t<\/div>\n\t\t<\/section>\n\t\t\t\t<\/div>\n\t\t","protected":false},"excerpt":{"rendered":"<p>G\u00eetes Eco-responsables C\u00f4t\u00e9 chauffage, la Maison de Caroline est chauff\u00e9e par une chaudi\u00e8re \u00e0 pellets, et chacun des 2 g\u00eetes est agr\u00e9ment\u00e9 de po\u00eales \u00e0 bois pour les soir\u00e9es d\u2019hiver. C\u00f4t\u00e9 jardin, l\u2019herbe tondue est r\u00e9utilis\u00e9e en paillage pour des potagers alentours. C\u00f4t\u00e9 d\u00e9chets, les g\u00eetes sont \u00e9quip\u00e9es de poubelles pour le tri s\u00e9lectif. C\u00f4t\u00e9 &hellip; <a href=\"https:\/\/lesgitesdelachouetteblanche.fr\/?page_id=1684\" class=\"more-link\">Continue reading <span class=\"screen-reader-text\">G\u00eetes Eco-responsables<\/span> <span class=\"meta-nav\">&rarr;<\/span><\/a><\/p>\n","protected":false},"author":1,"featured_media":0,"parent":0,"menu_order":0,"comment_status":"closed","ping_status":"closed","template":"","meta":{"_monsterinsights_skip_tracking":false,"_monsterinsights_sitenote_active":false,"_monsterinsights_sitenote_note":"","_monsterinsights_sitenote_category":0,"footnotes":""},"class_list":["post-1684","page","type-page","status-publish","hentry"],"yoast_head":"<!-- This site is optimized with the Yoast SEO plugin v27.4 - https:\/\/yoast.com\/product\/yoast-seo-wordpress\/ -->\n<title>G\u00eetes Eco-responsables - Les G\u00eetes de la Chouette Blanche<\/title>\n<meta name=\"description\" content=\"Les G\u00eetes de la Chouette Blanche s&#039;engagent dans une d\u00e9marche \u00e9cologique et souhaitent devenir des g\u00eetes Eco-responsables.\" \/>\n<meta name=\"robots\" content=\"index, follow, max-snippet:-1, max-image-preview:large, max-video-preview:-1\" \/>\n<link rel=\"canonical\" href=\"https:\/\/lesgitesdelachouetteblanche.fr\/?page_id=1684\" \/>\n<meta property=\"og:locale\" content=\"fr_FR\" \/>\n<meta property=\"og:type\" content=\"article\" \/>\n<meta property=\"og:title\" content=\"G\u00eetes Eco-responsables - Les G\u00eetes de la Chouette Blanche\" \/>\n<meta property=\"og:description\" content=\"Les G\u00eetes de la Chouette Blanche s&#039;engagent dans une d\u00e9marche \u00e9cologique et souhaitent devenir des g\u00eetes Eco-responsables.\" \/>\n<meta property=\"og:url\" content=\"https:\/\/lesgitesdelachouetteblanche.fr\/?page_id=1684\" \/>\n<meta property=\"og:site_name\" content=\"Les G\u00eetes de la Chouette Blanche\" \/>\n<meta property=\"article:publisher\" content=\"https:\/\/www.facebook.com\/legitedelachouetteblanche\" \/>\n<meta property=\"article:modified_time\" content=\"2022-04-03T09:20:26+00:00\" \/>\n<meta property=\"og:image\" content=\"http:\/\/lesgitesdelachouetteblanche.fr\/wp-content\/uploads\/2022\/02\/Chauffage-253x300.png\" \/>\n<meta name=\"twitter:card\" content=\"summary_large_image\" \/>\n<meta name=\"twitter:label1\" content=\"Dur\u00e9e de lecture estim\u00e9e\" \/>\n\t<meta name=\"twitter:data1\" content=\"2 minutes\" \/>\n<script type=\"application\/ld+json\" class=\"yoast-schema-graph\">{\"@context\":\"https:\\\/\\\/schema.org\",\"@graph\":[{\"@type\":\"WebPage\",\"@id\":\"https:\\\/\\\/lesgitesdelachouetteblanche.fr\\\/?page_id=1684\",\"url\":\"https:\\\/\\\/lesgitesdelachouetteblanche.fr\\\/?page_id=1684\",\"name\":\"G\u00eetes Eco-responsables - Les G\u00eetes de la Chouette Blanche\",\"isPartOf\":{\"@id\":\"https:\\\/\\\/lesgitesdelachouetteblanche.fr\\\/#website\"},\"primaryImageOfPage\":{\"@id\":\"https:\\\/\\\/lesgitesdelachouetteblanche.fr\\\/?page_id=1684#primaryimage\"},\"image\":{\"@id\":\"https:\\\/\\\/lesgitesdelachouetteblanche.fr\\\/?page_id=1684#primaryimage\"},\"thumbnailUrl\":\"http:\\\/\\\/lesgitesdelachouetteblanche.fr\\\/wp-content\\\/uploads\\\/2022\\\/02\\\/Chauffage-253x300.png\",\"datePublished\":\"2021-12-30T17:42:20+00:00\",\"dateModified\":\"2022-04-03T09:20:26+00:00\",\"description\":\"Les G\u00eetes de la Chouette Blanche s'engagent dans une d\u00e9marche \u00e9cologique et souhaitent devenir des g\u00eetes Eco-responsables.\",\"breadcrumb\":{\"@id\":\"https:\\\/\\\/lesgitesdelachouetteblanche.fr\\\/?page_id=1684#breadcrumb\"},\"inLanguage\":\"fr-FR\",\"potentialAction\":[{\"@type\":\"ReadAction\",\"target\":[\"https:\\\/\\\/lesgitesdelachouetteblanche.fr\\\/?page_id=1684\"]}]},{\"@type\":\"ImageObject\",\"inLanguage\":\"fr-FR\",\"@id\":\"https:\\\/\\\/lesgitesdelachouetteblanche.fr\\\/?page_id=1684#primaryimage\",\"url\":\"https:\\\/\\\/lesgitesdelachouetteblanche.fr\\\/wp-content\\\/uploads\\\/2022\\\/02\\\/Chauffage.png\",\"contentUrl\":\"https:\\\/\\\/lesgitesdelachouetteblanche.fr\\\/wp-content\\\/uploads\\\/2022\\\/02\\\/Chauffage.png\",\"width\":273,\"height\":324},{\"@type\":\"BreadcrumbList\",\"@id\":\"https:\\\/\\\/lesgitesdelachouetteblanche.fr\\\/?page_id=1684#breadcrumb\",\"itemListElement\":[{\"@type\":\"ListItem\",\"position\":1,\"name\":\"Accueil\",\"item\":\"https:\\\/\\\/lesgitesdelachouetteblanche.fr\\\/\"},{\"@type\":\"ListItem\",\"position\":2,\"name\":\"G\u00eetes Eco-responsables\"}]},{\"@type\":\"WebSite\",\"@id\":\"https:\\\/\\\/lesgitesdelachouetteblanche.fr\\\/#website\",\"url\":\"https:\\\/\\\/lesgitesdelachouetteblanche.fr\\\/\",\"name\":\"Les G\u00eetes de la Chouette Blanche\",\"description\":\"\",\"publisher\":{\"@id\":\"https:\\\/\\\/lesgitesdelachouetteblanche.fr\\\/#organization\"},\"potentialAction\":[{\"@type\":\"SearchAction\",\"target\":{\"@type\":\"EntryPoint\",\"urlTemplate\":\"https:\\\/\\\/lesgitesdelachouetteblanche.fr\\\/?s={search_term_string}\"},\"query-input\":{\"@type\":\"PropertyValueSpecification\",\"valueRequired\":true,\"valueName\":\"search_term_string\"}}],\"inLanguage\":\"fr-FR\"},{\"@type\":\"Organization\",\"@id\":\"https:\\\/\\\/lesgitesdelachouetteblanche.fr\\\/#organization\",\"name\":\"Les G\u00eetes de la Chouette Blanche\",\"url\":\"https:\\\/\\\/lesgitesdelachouetteblanche.fr\\\/\",\"logo\":{\"@type\":\"ImageObject\",\"inLanguage\":\"fr-FR\",\"@id\":\"https:\\\/\\\/lesgitesdelachouetteblanche.fr\\\/#\\\/schema\\\/logo\\\/image\\\/\",\"url\":\"http:\\\/\\\/lesgitesdelachouetteblanche.fr\\\/wp-content\\\/uploads\\\/2021\\\/07\\\/cropped-cropped-cropped-Logo-LGDLCB_2-1.png\",\"contentUrl\":\"http:\\\/\\\/lesgitesdelachouetteblanche.fr\\\/wp-content\\\/uploads\\\/2021\\\/07\\\/cropped-cropped-cropped-Logo-LGDLCB_2-1.png\",\"width\":512,\"height\":512,\"caption\":\"Les G\u00eetes de la Chouette Blanche\"},\"image\":{\"@id\":\"https:\\\/\\\/lesgitesdelachouetteblanche.fr\\\/#\\\/schema\\\/logo\\\/image\\\/\"},\"sameAs\":[\"https:\\\/\\\/www.facebook.com\\\/legitedelachouetteblanche\",\"https:\\\/\\\/www.instagram.com\\\/gitesdelachouetteblanche\\\/\"]}]}<\/script>\n<!-- \/ Yoast SEO plugin. -->","yoast_head_json":{"title":"G\u00eetes Eco-responsables - Les G\u00eetes de la Chouette Blanche","description":"Les G\u00eetes de la Chouette Blanche s'engagent dans une d\u00e9marche \u00e9cologique et souhaitent devenir des g\u00eetes Eco-responsables.","robots":{"index":"index","follow":"follow","max-snippet":"max-snippet:-1","max-image-preview":"max-image-preview:large","max-video-preview":"max-video-preview:-1"},"canonical":"https:\/\/lesgitesdelachouetteblanche.fr\/?page_id=1684","og_locale":"fr_FR","og_type":"article","og_title":"G\u00eetes Eco-responsables - Les G\u00eetes de la Chouette Blanche","og_description":"Les G\u00eetes de la Chouette Blanche s'engagent dans une d\u00e9marche \u00e9cologique et souhaitent devenir des g\u00eetes Eco-responsables.","og_url":"https:\/\/lesgitesdelachouetteblanche.fr\/?page_id=1684","og_site_name":"Les G\u00eetes de la Chouette Blanche","article_publisher":"https:\/\/www.facebook.com\/legitedelachouetteblanche","article_modified_time":"2022-04-03T09:20:26+00:00","og_image":[{"url":"http:\/\/lesgitesdelachouetteblanche.fr\/wp-content\/uploads\/2022\/02\/Chauffage-253x300.png","type":"","width":"","height":""}],"twitter_card":"summary_large_image","twitter_misc":{"Dur\u00e9e de lecture estim\u00e9e":"2 minutes"},"schema":{"@context":"https:\/\/schema.org","@graph":[{"@type":"WebPage","@id":"https:\/\/lesgitesdelachouetteblanche.fr\/?page_id=1684","url":"https:\/\/lesgitesdelachouetteblanche.fr\/?page_id=1684","name":"G\u00eetes Eco-responsables - Les G\u00eetes de la Chouette Blanche","isPartOf":{"@id":"https:\/\/lesgitesdelachouetteblanche.fr\/#website"},"primaryImageOfPage":{"@id":"https:\/\/lesgitesdelachouetteblanche.fr\/?page_id=1684#primaryimage"},"image":{"@id":"https:\/\/lesgitesdelachouetteblanche.fr\/?page_id=1684#primaryimage"},"thumbnailUrl":"http:\/\/lesgitesdelachouetteblanche.fr\/wp-content\/uploads\/2022\/02\/Chauffage-253x300.png","datePublished":"2021-12-30T17:42:20+00:00","dateModified":"2022-04-03T09:20:26+00:00","description":"Les G\u00eetes de la Chouette Blanche s'engagent dans une d\u00e9marche \u00e9cologique et souhaitent devenir des g\u00eetes Eco-responsables.","breadcrumb":{"@id":"https:\/\/lesgitesdelachouetteblanche.fr\/?page_id=1684#breadcrumb"},"inLanguage":"fr-FR","potentialAction":[{"@type":"ReadAction","target":["https:\/\/lesgitesdelachouetteblanche.fr\/?page_id=1684"]}]},{"@type":"ImageObject","inLanguage":"fr-FR","@id":"https:\/\/lesgitesdelachouetteblanche.fr\/?page_id=1684#primaryimage","url":"https:\/\/lesgitesdelachouetteblanche.fr\/wp-content\/uploads\/2022\/02\/Chauffage.png","contentUrl":"https:\/\/lesgitesdelachouetteblanche.fr\/wp-content\/uploads\/2022\/02\/Chauffage.png","width":273,"height":324},{"@type":"BreadcrumbList","@id":"https:\/\/lesgitesdelachouetteblanche.fr\/?page_id=1684#breadcrumb","itemListElement":[{"@type":"ListItem","position":1,"name":"Accueil","item":"https:\/\/lesgitesdelachouetteblanche.fr\/"},{"@type":"ListItem","position":2,"name":"G\u00eetes Eco-responsables"}]},{"@type":"WebSite","@id":"https:\/\/lesgitesdelachouetteblanche.fr\/#website","url":"https:\/\/lesgitesdelachouetteblanche.fr\/","name":"Les G\u00eetes de la Chouette Blanche","description":"","publisher":{"@id":"https:\/\/lesgitesdelachouetteblanche.fr\/#organization"},"potentialAction":[{"@type":"SearchAction","target":{"@type":"EntryPoint","urlTemplate":"https:\/\/lesgitesdelachouetteblanche.fr\/?s={search_term_string}"},"query-input":{"@type":"PropertyValueSpecification","valueRequired":true,"valueName":"search_term_string"}}],"inLanguage":"fr-FR"},{"@type":"Organization","@id":"https:\/\/lesgitesdelachouetteblanche.fr\/#organization","name":"Les G\u00eetes de la Chouette Blanche","url":"https:\/\/lesgitesdelachouetteblanche.fr\/","logo":{"@type":"ImageObject","inLanguage":"fr-FR","@id":"https:\/\/lesgitesdelachouetteblanche.fr\/#\/schema\/logo\/image\/","url":"http:\/\/lesgitesdelachouetteblanche.fr\/wp-content\/uploads\/2021\/07\/cropped-cropped-cropped-Logo-LGDLCB_2-1.png","contentUrl":"http:\/\/lesgitesdelachouetteblanche.fr\/wp-content\/uploads\/2021\/07\/cropped-cropped-cropped-Logo-LGDLCB_2-1.png","width":512,"height":512,"caption":"Les G\u00eetes de la Chouette Blanche"},"image":{"@id":"https:\/\/lesgitesdelachouetteblanche.fr\/#\/schema\/logo\/image\/"},"sameAs":["https:\/\/www.facebook.com\/legitedelachouetteblanche","https:\/\/www.instagram.com\/gitesdelachouetteblanche\/"]}]}},"_links":{"self":[{"href":"https:\/\/lesgitesdelachouetteblanche.fr\/index.php?rest_route=\/wp\/v2\/pages\/1684","targetHints":{"allow":["GET"]}}],"collection":[{"href":"https:\/\/lesgitesdelachouetteblanche.fr\/index.php?rest_route=\/wp\/v2\/pages"}],"about":[{"href":"https:\/\/lesgitesdelachouetteblanche.fr\/index.php?rest_route=\/wp\/v2\/types\/page"}],"author":[{"embeddable":true,"href":"https:\/\/lesgitesdelachouetteblanche.fr\/index.php?rest_route=\/wp\/v2\/users\/1"}],"replies":[{"embeddable":true,"href":"https:\/\/lesgitesdelachouetteblanche.fr\/index.php?rest_route=%2Fwp%2Fv2%2Fcomments&post=1684"}],"version-history":[{"count":29,"href":"https:\/\/lesgitesdelachouetteblanche.fr\/index.php?rest_route=\/wp\/v2\/pages\/1684\/revisions"}],"predecessor-version":[{"id":2164,"href":"https:\/\/lesgitesdelachouetteblanche.fr\/index.php?rest_route=\/wp\/v2\/pages\/1684\/revisions\/2164"}],"wp:attachment":[{"href":"https:\/\/lesgitesdelachouetteblanche.fr\/index.php?rest_route=%2Fwp%2Fv2%2Fmedia&parent=1684"}],"curies":[{"name":"wp","href":"https:\/\/api.w.org\/{rel}","templated":true}]}}