{"id":27,"date":"2021-07-31T12:20:57","date_gmt":"2021-07-31T10:20:57","guid":{"rendered":"http:\/\/lesgitesdelachouetteblanche.fr\/?page_id=27"},"modified":"2022-04-03T11:24:51","modified_gmt":"2022-04-03T09:24:51","slug":"qui-sommes-nous","status":"publish","type":"page","link":"https:\/\/lesgitesdelachouetteblanche.fr\/?page_id=27","title":{"rendered":"Qui sommes-nous?"},"content":{"rendered":"\t\t<div data-elementor-type=\"wp-page\" data-elementor-id=\"27\" class=\"elementor elementor-27\">\n\t\t\t\t\t\t<section class=\"elementor-section elementor-top-section elementor-element elementor-element-b33590a elementor-section-boxed elementor-section-height-default elementor-section-height-default\" data-id=\"b33590a\" data-element_type=\"section\" data-e-type=\"section\">\n\t\t\t\t\t\t<div class=\"elementor-container elementor-column-gap-default\">\n\t\t\t\t\t<div class=\"elementor-column elementor-col-100 elementor-top-column elementor-element elementor-element-c31a302\" data-id=\"c31a302\" data-element_type=\"column\" data-e-type=\"column\">\n\t\t\t<div class=\"elementor-widget-wrap elementor-element-populated\">\n\t\t\t\t\t\t<div class=\"elementor-element elementor-element-5fbe91e elementor-widget elementor-widget-heading\" data-id=\"5fbe91e\" data-element_type=\"widget\" data-e-type=\"widget\" data-widget_type=\"heading.default\">\n\t\t\t\t<div class=\"elementor-widget-container\">\n\t\t\t\t\t<h2 class=\"elementor-heading-title elementor-size-default\">qui-sommes nous?<\/h2>\t\t\t\t<\/div>\n\t\t\t\t<\/div>\n\t\t\t\t\t<\/div>\n\t\t<\/div>\n\t\t\t\t\t<\/div>\n\t\t<\/section>\n\t\t\t\t<section class=\"elementor-section elementor-top-section elementor-element elementor-element-49a3b92 elementor-section-stretched elementor-section-boxed elementor-section-height-default elementor-section-height-default\" data-id=\"49a3b92\" data-element_type=\"section\" data-e-type=\"section\" data-settings=\"{&quot;stretch_section&quot;:&quot;section-stretched&quot;}\">\n\t\t\t\t\t\t<div class=\"elementor-container elementor-column-gap-default\">\n\t\t\t\t\t<div class=\"elementor-column elementor-col-50 elementor-top-column elementor-element elementor-element-bf0d00a\" data-id=\"bf0d00a\" data-element_type=\"column\" data-e-type=\"column\">\n\t\t\t<div class=\"elementor-widget-wrap elementor-element-populated\">\n\t\t\t\t\t\t<div class=\"elementor-element elementor-element-8598331 elementor-widget elementor-widget-text-editor\" data-id=\"8598331\" data-element_type=\"widget\" data-e-type=\"widget\" data-widget_type=\"text-editor.default\">\n\t\t\t\t<div class=\"elementor-widget-container\">\n\t\t\t\t\t\t\t\t\t<div>\u00a0<\/div><div>\u00a0<\/div><div>\u00a0<\/div><div><span style=\"color: #000000;\">Nous sommes <strong>Pascal et Katell<\/strong>, les propri\u00e9taires du domaine des <strong>G\u00eetes de la Chouette Blanche<\/strong>.\u00a0<\/span><span style=\"color: #000000;\">L\u2019aventure a d\u00e9marr\u00e9 en <strong>2018<\/strong> avec une envie de reconversion professionnelle pour Pascal vers un m\u00e9tier riche en relations humaines, <strong>la gestion de g\u00eetes de groupes<\/strong>.<\/span><\/div><div><span style=\"color: #000000;\">Apr\u00e8s 18 mois de recherche du lieu id\u00e9al, nous sommes tomb\u00e9s sous le charme de ce domaine nich\u00e9 <strong>au c\u0153ur du bocage bressuirais<\/strong>. Les 2 maisons de pierre avec poutres apparentes nous ont s\u00e9duits imm\u00e9diatement.<\/span><\/div><div><span style=\"color: #000000;\">La <strong>gentillesse du voisinage<\/strong> et <strong>la beaut\u00e9 de la nature pr\u00e9serv\u00e9e<\/strong> nous ont confort\u00e9 dans l\u2019id\u00e9e que ce lieu \u00e9tait id\u00e9al pour permettre aux familles de se retrouver et se ressourcer.<\/span><\/div><div><span style=\"color: #000000;\">En juillet 2020, <strong>la Maison d\u2019Eva<\/strong> a ouvert ses portes, suivie de <strong>la Maison de Caroline<\/strong> en mai 2021.<\/span><\/div><div>\u00a0<\/div><div style=\"text-align: center;\"><p><span style=\"color: #000000;\"><em>La grande aventure a d\u00e9marr\u00e9\u00a0<\/em><em>!<\/em><\/span><\/p><\/div>\t\t\t\t\t\t\t\t<\/div>\n\t\t\t\t<\/div>\n\t\t\t\t\t<\/div>\n\t\t<\/div>\n\t\t\t\t<div class=\"elementor-column elementor-col-50 elementor-top-column elementor-element elementor-element-2a615d2\" data-id=\"2a615d2\" data-element_type=\"column\" data-e-type=\"column\">\n\t\t\t<div class=\"elementor-widget-wrap elementor-element-populated\">\n\t\t\t\t\t\t<div class=\"elementor-element elementor-element-52526d4 elementor-widget elementor-widget-image\" data-id=\"52526d4\" data-element_type=\"widget\" data-e-type=\"widget\" data-widget_type=\"image.default\">\n\t\t\t\t<div class=\"elementor-widget-container\">\n\t\t\t\t\t\t\t\t\t\t\t\t\t\t\t<img decoding=\"async\" src=\"https:\/\/lesgitesdelachouetteblanche.fr\/wp-content\/uploads\/elementor\/thumbs\/Katell-et-Pascal-Coulon-phjucdjon4aavxoeikuqfkf1b67l7f7cmbzh85hklk.jpg\" title=\"Katell-et-Pascal-Coulon\" alt=\"Katell-et-Pascal-Coulon\" loading=\"lazy\" \/>\t\t\t\t\t\t\t\t\t\t\t\t\t\t\t<\/div>\n\t\t\t\t<\/div>\n\t\t\t\t\t<\/div>\n\t\t<\/div>\n\t\t\t\t\t<\/div>\n\t\t<\/section>\n\t\t\t\t<section class=\"elementor-section elementor-top-section elementor-element elementor-element-f957fe6 elementor-section-stretched elementor-section-boxed elementor-section-height-default elementor-section-height-default\" data-id=\"f957fe6\" data-element_type=\"section\" data-e-type=\"section\" data-settings=\"{&quot;stretch_section&quot;:&quot;section-stretched&quot;}\">\n\t\t\t\t\t\t<div class=\"elementor-container elementor-column-gap-default\">\n\t\t\t\t\t<div class=\"elementor-column elementor-col-50 elementor-top-column elementor-element elementor-element-625484b\" data-id=\"625484b\" data-element_type=\"column\" data-e-type=\"column\">\n\t\t\t<div class=\"elementor-widget-wrap elementor-element-populated\">\n\t\t\t\t\t\t<div class=\"elementor-element elementor-element-e2d5033 elementor-widget elementor-widget-image\" data-id=\"e2d5033\" data-element_type=\"widget\" data-e-type=\"widget\" data-widget_type=\"image.default\">\n\t\t\t\t<div class=\"elementor-widget-container\">\n\t\t\t\t\t\t\t\t\t\t\t\t\t\t\t<img fetchpriority=\"high\" decoding=\"async\" width=\"700\" height=\"467\" src=\"https:\/\/lesgitesdelachouetteblanche.fr\/wp-content\/uploads\/2021\/08\/DJI_0095-1024x683.jpg\" class=\"attachment-large size-large wp-image-59\" alt=\"\" srcset=\"https:\/\/lesgitesdelachouetteblanche.fr\/wp-content\/uploads\/2021\/08\/DJI_0095-1024x683.jpg 1024w, https:\/\/lesgitesdelachouetteblanche.fr\/wp-content\/uploads\/2021\/08\/DJI_0095-300x200.jpg 300w, https:\/\/lesgitesdelachouetteblanche.fr\/wp-content\/uploads\/2021\/08\/DJI_0095-768x512.jpg 768w, https:\/\/lesgitesdelachouetteblanche.fr\/wp-content\/uploads\/2021\/08\/DJI_0095-1536x1024.jpg 1536w, https:\/\/lesgitesdelachouetteblanche.fr\/wp-content\/uploads\/2021\/08\/DJI_0095-2048x1365.jpg 2048w, https:\/\/lesgitesdelachouetteblanche.fr\/wp-content\/uploads\/2021\/08\/DJI_0095-700x467.jpg 700w, https:\/\/lesgitesdelachouetteblanche.fr\/wp-content\/uploads\/2021\/08\/DJI_0095-2000x1333.jpg 2000w, https:\/\/lesgitesdelachouetteblanche.fr\/wp-content\/uploads\/2021\/08\/DJI_0095-900x600.jpg 900w, https:\/\/lesgitesdelachouetteblanche.fr\/wp-content\/uploads\/2021\/08\/DJI_0095-600x400.jpg 600w\" sizes=\"(max-width: 700px) 100vw, 700px\" \/>\t\t\t\t\t\t\t\t\t\t\t\t\t\t\t<\/div>\n\t\t\t\t<\/div>\n\t\t\t\t\t<\/div>\n\t\t<\/div>\n\t\t\t\t<div class=\"elementor-column elementor-col-50 elementor-top-column elementor-element elementor-element-a5377e6\" data-id=\"a5377e6\" data-element_type=\"column\" data-e-type=\"column\">\n\t\t\t<div class=\"elementor-widget-wrap elementor-element-populated\">\n\t\t\t\t\t\t<div class=\"elementor-element elementor-element-453fb6d elementor-widget elementor-widget-text-editor\" data-id=\"453fb6d\" data-element_type=\"widget\" data-e-type=\"widget\" data-widget_type=\"text-editor.default\">\n\t\t\t\t<div class=\"elementor-widget-container\">\n\t\t\t\t\t\t\t\t\t<div style=\"text-align: center;\"><div style=\"text-align: left;\">Petits et grands, c&rsquo;est avec plaisir que nous vous accueillons dans notre domaine en <strong>pleine nature<\/strong>. Vous serez s\u00e9duits par le <strong>calme<\/strong> de la campagne et les <strong>grands espaces verts<\/strong>.<\/div><div style=\"text-align: left;\">Notre site est le lieu id\u00e9al pour les r\u00e9unions de <strong>famille<\/strong> ou entre <strong>amis<\/strong>. De nombreuses <strong>activit\u00e9s et visites<\/strong> aux alentours s&rsquo;offrent \u00e0 vous pour passer de bons moments.<\/div><div style=\"text-align: left;\">Nous esp\u00e9rons vous y <strong>accueillir bient\u00f4t<\/strong> et <strong>partager<\/strong> les bons plans et beaux endroits de la <strong>r\u00e9gion \u00e0 d\u00e9couvrir<\/strong>.\u00a0<\/div><div>\u00a0<\/div><div><em>Bienvenue chez nous !<\/em><\/div><\/div>\t\t\t\t\t\t\t\t<\/div>\n\t\t\t\t<\/div>\n\t\t\t\t\t<\/div>\n\t\t<\/div>\n\t\t\t\t\t<\/div>\n\t\t<\/section>\n\t\t\t\t<section class=\"elementor-section elementor-top-section elementor-element elementor-element-526d622 elementor-section-boxed elementor-section-height-default elementor-section-height-default\" data-id=\"526d622\" data-element_type=\"section\" data-e-type=\"section\">\n\t\t\t\t\t\t<div class=\"elementor-container elementor-column-gap-default\">\n\t\t\t\t\t<div class=\"elementor-column elementor-col-100 elementor-top-column elementor-element elementor-element-a372025\" data-id=\"a372025\" data-element_type=\"column\" data-e-type=\"column\">\n\t\t\t<div class=\"elementor-widget-wrap elementor-element-populated\">\n\t\t\t\t\t\t<div class=\"elementor-element elementor-element-125de9c elementor-align-center elementor-widget elementor-widget-button\" data-id=\"125de9c\" data-element_type=\"widget\" data-e-type=\"widget\" data-widget_type=\"button.default\">\n\t\t\t\t<div class=\"elementor-widget-container\">\n\t\t\t\t\t\t\t\t\t<div class=\"elementor-button-wrapper\">\n\t\t\t\t\t<a class=\"elementor-button elementor-button-link elementor-size-sm elementor-animation-grow\" href=\"http:\/\/lesgitesdelachouetteblanche.fr\/?page_id=25\">\n\t\t\t\t\t\t<span class=\"elementor-button-content-wrapper\">\n\t\t\t\t\t\t\t\t\t<span class=\"elementor-button-text\">D\u00e9couvrez la Maison d'Eva<\/span>\n\t\t\t\t\t<\/span>\n\t\t\t\t\t<\/a>\n\t\t\t\t<\/div>\n\t\t\t\t\t\t\t\t<\/div>\n\t\t\t\t<\/div>\n\t\t\t\t\t<\/div>\n\t\t<\/div>\n\t\t\t\t\t<\/div>\n\t\t<\/section>\n\t\t\t\t<section class=\"elementor-section elementor-top-section elementor-element elementor-element-0d7b110 elementor-section-boxed elementor-section-height-default elementor-section-height-default\" data-id=\"0d7b110\" data-element_type=\"section\" data-e-type=\"section\">\n\t\t\t\t\t\t<div class=\"elementor-container elementor-column-gap-default\">\n\t\t\t\t\t<div class=\"elementor-column elementor-col-100 elementor-top-column elementor-element elementor-element-8ce5635\" data-id=\"8ce5635\" data-element_type=\"column\" data-e-type=\"column\">\n\t\t\t<div class=\"elementor-widget-wrap elementor-element-populated\">\n\t\t\t\t\t\t<div class=\"elementor-element elementor-element-67d0e2f elementor-align-center elementor-widget elementor-widget-button\" data-id=\"67d0e2f\" data-element_type=\"widget\" data-e-type=\"widget\" data-widget_type=\"button.default\">\n\t\t\t\t<div class=\"elementor-widget-container\">\n\t\t\t\t\t\t\t\t\t<div class=\"elementor-button-wrapper\">\n\t\t\t\t\t<a class=\"elementor-button elementor-button-link elementor-size-sm elementor-animation-grow\" href=\"http:\/\/lesgitesdelachouetteblanche.fr\/?page_id=26\">\n\t\t\t\t\t\t<span class=\"elementor-button-content-wrapper\">\n\t\t\t\t\t\t\t\t\t<span class=\"elementor-button-text\">D\u00e9couvrez la Maison de Caroline<\/span>\n\t\t\t\t\t<\/span>\n\t\t\t\t\t<\/a>\n\t\t\t\t<\/div>\n\t\t\t\t\t\t\t\t<\/div>\n\t\t\t\t<\/div>\n\t\t\t\t\t<\/div>\n\t\t<\/div>\n\t\t\t\t\t<\/div>\n\t\t<\/section>\n\t\t\t\t<\/div>\n\t\t","protected":false},"excerpt":{"rendered":"<p>qui-sommes nous? &nbsp;&nbsp;&nbsp;Nous sommes Pascal et Katell, les propri\u00e9taires du domaine des G\u00eetes de la Chouette Blanche.&nbsp;L\u2019aventure a d\u00e9marr\u00e9 en 2018 avec une envie de reconversion professionnelle pour Pascal vers un m\u00e9tier riche en relations humaines, la gestion de g\u00eetes de groupes.Apr\u00e8s 18 mois de recherche du lieu id\u00e9al, nous sommes tomb\u00e9s sous le charme &hellip; <a href=\"https:\/\/lesgitesdelachouetteblanche.fr\/?page_id=27\" class=\"more-link\">Continue reading <span class=\"screen-reader-text\">Qui sommes-nous?<\/span> <span class=\"meta-nav\">&rarr;<\/span><\/a><\/p>\n","protected":false},"author":1,"featured_media":0,"parent":0,"menu_order":0,"comment_status":"closed","ping_status":"closed","template":"","meta":{"_monsterinsights_skip_tracking":false,"_monsterinsights_sitenote_active":false,"_monsterinsights_sitenote_note":"","_monsterinsights_sitenote_category":0,"footnotes":""},"class_list":["post-27","page","type-page","status-publish","hentry"],"yoast_head":"<!-- This site is optimized with the Yoast SEO plugin v27.5 - https:\/\/yoast.com\/product\/yoast-seo-wordpress\/ -->\n<title>Qui sommes-nous? - Les G\u00eetes de la Chouette Blanche<\/title>\n<meta name=\"description\" content=\"Qui sommes-nous? Nous sommes Pascal et Katell, les propri\u00e9taires du domaine des G\u00eetes de la Chouette Blanche.\" \/>\n<meta name=\"robots\" content=\"index, follow, max-snippet:-1, max-image-preview:large, max-video-preview:-1\" \/>\n<link rel=\"canonical\" href=\"https:\/\/lesgitesdelachouetteblanche.fr\/?page_id=27\" \/>\n<meta property=\"og:locale\" content=\"fr_FR\" \/>\n<meta property=\"og:type\" content=\"article\" \/>\n<meta property=\"og:title\" content=\"Qui sommes-nous? - Les G\u00eetes de la Chouette Blanche\" \/>\n<meta property=\"og:description\" content=\"Qui sommes-nous? Nous sommes Pascal et Katell, les propri\u00e9taires du domaine des G\u00eetes de la Chouette Blanche.\" \/>\n<meta property=\"og:url\" content=\"https:\/\/lesgitesdelachouetteblanche.fr\/?page_id=27\" \/>\n<meta property=\"og:site_name\" content=\"Les G\u00eetes de la Chouette Blanche\" \/>\n<meta property=\"article:publisher\" content=\"https:\/\/www.facebook.com\/legitedelachouetteblanche\" \/>\n<meta property=\"article:modified_time\" content=\"2022-04-03T09:24:51+00:00\" \/>\n<meta property=\"og:image\" content=\"http:\/\/lesgitesdelachouetteblanche.fr\/wp-content\/uploads\/elementor\/thumbs\/Katell-et-Pascal-Coulon-phjucdjon4aavxoeikuqfkf1b67l7f7cmbzh85hklk.jpg\" \/>\n<meta name=\"twitter:card\" content=\"summary_large_image\" \/>\n<meta name=\"twitter:label1\" content=\"Dur\u00e9e de lecture estim\u00e9e\" \/>\n\t<meta name=\"twitter:data1\" content=\"2 minutes\" \/>\n<script type=\"application\/ld+json\" class=\"yoast-schema-graph\">{\"@context\":\"https:\\\/\\\/schema.org\",\"@graph\":[{\"@type\":\"WebPage\",\"@id\":\"https:\\\/\\\/lesgitesdelachouetteblanche.fr\\\/?page_id=27\",\"url\":\"https:\\\/\\\/lesgitesdelachouetteblanche.fr\\\/?page_id=27\",\"name\":\"Qui sommes-nous? - Les G\u00eetes de la Chouette Blanche\",\"isPartOf\":{\"@id\":\"https:\\\/\\\/lesgitesdelachouetteblanche.fr\\\/#website\"},\"primaryImageOfPage\":{\"@id\":\"https:\\\/\\\/lesgitesdelachouetteblanche.fr\\\/?page_id=27#primaryimage\"},\"image\":{\"@id\":\"https:\\\/\\\/lesgitesdelachouetteblanche.fr\\\/?page_id=27#primaryimage\"},\"thumbnailUrl\":\"http:\\\/\\\/lesgitesdelachouetteblanche.fr\\\/wp-content\\\/uploads\\\/elementor\\\/thumbs\\\/Katell-et-Pascal-Coulon-phjucdjon4aavxoeikuqfkf1b67l7f7cmbzh85hklk.jpg\",\"datePublished\":\"2021-07-31T10:20:57+00:00\",\"dateModified\":\"2022-04-03T09:24:51+00:00\",\"description\":\"Qui sommes-nous? Nous sommes Pascal et Katell, les propri\u00e9taires du domaine des G\u00eetes de la Chouette Blanche.\",\"breadcrumb\":{\"@id\":\"https:\\\/\\\/lesgitesdelachouetteblanche.fr\\\/?page_id=27#breadcrumb\"},\"inLanguage\":\"fr-FR\",\"potentialAction\":[{\"@type\":\"ReadAction\",\"target\":[\"https:\\\/\\\/lesgitesdelachouetteblanche.fr\\\/?page_id=27\"]}]},{\"@type\":\"ImageObject\",\"inLanguage\":\"fr-FR\",\"@id\":\"https:\\\/\\\/lesgitesdelachouetteblanche.fr\\\/?page_id=27#primaryimage\",\"url\":\"http:\\\/\\\/lesgitesdelachouetteblanche.fr\\\/wp-content\\\/uploads\\\/elementor\\\/thumbs\\\/Katell-et-Pascal-Coulon-phjucdjon4aavxoeikuqfkf1b67l7f7cmbzh85hklk.jpg\",\"contentUrl\":\"http:\\\/\\\/lesgitesdelachouetteblanche.fr\\\/wp-content\\\/uploads\\\/elementor\\\/thumbs\\\/Katell-et-Pascal-Coulon-phjucdjon4aavxoeikuqfkf1b67l7f7cmbzh85hklk.jpg\"},{\"@type\":\"BreadcrumbList\",\"@id\":\"https:\\\/\\\/lesgitesdelachouetteblanche.fr\\\/?page_id=27#breadcrumb\",\"itemListElement\":[{\"@type\":\"ListItem\",\"position\":1,\"name\":\"Accueil\",\"item\":\"https:\\\/\\\/lesgitesdelachouetteblanche.fr\\\/\"},{\"@type\":\"ListItem\",\"position\":2,\"name\":\"Qui sommes-nous?\"}]},{\"@type\":\"WebSite\",\"@id\":\"https:\\\/\\\/lesgitesdelachouetteblanche.fr\\\/#website\",\"url\":\"https:\\\/\\\/lesgitesdelachouetteblanche.fr\\\/\",\"name\":\"Les G\u00eetes de la Chouette Blanche\",\"description\":\"\",\"publisher\":{\"@id\":\"https:\\\/\\\/lesgitesdelachouetteblanche.fr\\\/#organization\"},\"potentialAction\":[{\"@type\":\"SearchAction\",\"target\":{\"@type\":\"EntryPoint\",\"urlTemplate\":\"https:\\\/\\\/lesgitesdelachouetteblanche.fr\\\/?s={search_term_string}\"},\"query-input\":{\"@type\":\"PropertyValueSpecification\",\"valueRequired\":true,\"valueName\":\"search_term_string\"}}],\"inLanguage\":\"fr-FR\"},{\"@type\":\"Organization\",\"@id\":\"https:\\\/\\\/lesgitesdelachouetteblanche.fr\\\/#organization\",\"name\":\"Les G\u00eetes de la Chouette Blanche\",\"url\":\"https:\\\/\\\/lesgitesdelachouetteblanche.fr\\\/\",\"logo\":{\"@type\":\"ImageObject\",\"inLanguage\":\"fr-FR\",\"@id\":\"https:\\\/\\\/lesgitesdelachouetteblanche.fr\\\/#\\\/schema\\\/logo\\\/image\\\/\",\"url\":\"http:\\\/\\\/lesgitesdelachouetteblanche.fr\\\/wp-content\\\/uploads\\\/2021\\\/07\\\/cropped-cropped-cropped-Logo-LGDLCB_2-1.png\",\"contentUrl\":\"http:\\\/\\\/lesgitesdelachouetteblanche.fr\\\/wp-content\\\/uploads\\\/2021\\\/07\\\/cropped-cropped-cropped-Logo-LGDLCB_2-1.png\",\"width\":512,\"height\":512,\"caption\":\"Les G\u00eetes de la Chouette Blanche\"},\"image\":{\"@id\":\"https:\\\/\\\/lesgitesdelachouetteblanche.fr\\\/#\\\/schema\\\/logo\\\/image\\\/\"},\"sameAs\":[\"https:\\\/\\\/www.facebook.com\\\/legitedelachouetteblanche\",\"https:\\\/\\\/www.instagram.com\\\/gitesdelachouetteblanche\\\/\"]}]}<\/script>\n<!-- \/ Yoast SEO plugin. -->","yoast_head_json":{"title":"Qui sommes-nous? - Les G\u00eetes de la Chouette Blanche","description":"Qui sommes-nous? Nous sommes Pascal et Katell, les propri\u00e9taires du domaine des G\u00eetes de la Chouette Blanche.","robots":{"index":"index","follow":"follow","max-snippet":"max-snippet:-1","max-image-preview":"max-image-preview:large","max-video-preview":"max-video-preview:-1"},"canonical":"https:\/\/lesgitesdelachouetteblanche.fr\/?page_id=27","og_locale":"fr_FR","og_type":"article","og_title":"Qui sommes-nous? - Les G\u00eetes de la Chouette Blanche","og_description":"Qui sommes-nous? Nous sommes Pascal et Katell, les propri\u00e9taires du domaine des G\u00eetes de la Chouette Blanche.","og_url":"https:\/\/lesgitesdelachouetteblanche.fr\/?page_id=27","og_site_name":"Les G\u00eetes de la Chouette Blanche","article_publisher":"https:\/\/www.facebook.com\/legitedelachouetteblanche","article_modified_time":"2022-04-03T09:24:51+00:00","og_image":[{"url":"http:\/\/lesgitesdelachouetteblanche.fr\/wp-content\/uploads\/elementor\/thumbs\/Katell-et-Pascal-Coulon-phjucdjon4aavxoeikuqfkf1b67l7f7cmbzh85hklk.jpg","type":"","width":"","height":""}],"twitter_card":"summary_large_image","twitter_misc":{"Dur\u00e9e de lecture estim\u00e9e":"2 minutes"},"schema":{"@context":"https:\/\/schema.org","@graph":[{"@type":"WebPage","@id":"https:\/\/lesgitesdelachouetteblanche.fr\/?page_id=27","url":"https:\/\/lesgitesdelachouetteblanche.fr\/?page_id=27","name":"Qui sommes-nous? - Les G\u00eetes de la Chouette Blanche","isPartOf":{"@id":"https:\/\/lesgitesdelachouetteblanche.fr\/#website"},"primaryImageOfPage":{"@id":"https:\/\/lesgitesdelachouetteblanche.fr\/?page_id=27#primaryimage"},"image":{"@id":"https:\/\/lesgitesdelachouetteblanche.fr\/?page_id=27#primaryimage"},"thumbnailUrl":"http:\/\/lesgitesdelachouetteblanche.fr\/wp-content\/uploads\/elementor\/thumbs\/Katell-et-Pascal-Coulon-phjucdjon4aavxoeikuqfkf1b67l7f7cmbzh85hklk.jpg","datePublished":"2021-07-31T10:20:57+00:00","dateModified":"2022-04-03T09:24:51+00:00","description":"Qui sommes-nous? Nous sommes Pascal et Katell, les propri\u00e9taires du domaine des G\u00eetes de la Chouette Blanche.","breadcrumb":{"@id":"https:\/\/lesgitesdelachouetteblanche.fr\/?page_id=27#breadcrumb"},"inLanguage":"fr-FR","potentialAction":[{"@type":"ReadAction","target":["https:\/\/lesgitesdelachouetteblanche.fr\/?page_id=27"]}]},{"@type":"ImageObject","inLanguage":"fr-FR","@id":"https:\/\/lesgitesdelachouetteblanche.fr\/?page_id=27#primaryimage","url":"http:\/\/lesgitesdelachouetteblanche.fr\/wp-content\/uploads\/elementor\/thumbs\/Katell-et-Pascal-Coulon-phjucdjon4aavxoeikuqfkf1b67l7f7cmbzh85hklk.jpg","contentUrl":"http:\/\/lesgitesdelachouetteblanche.fr\/wp-content\/uploads\/elementor\/thumbs\/Katell-et-Pascal-Coulon-phjucdjon4aavxoeikuqfkf1b67l7f7cmbzh85hklk.jpg"},{"@type":"BreadcrumbList","@id":"https:\/\/lesgitesdelachouetteblanche.fr\/?page_id=27#breadcrumb","itemListElement":[{"@type":"ListItem","position":1,"name":"Accueil","item":"https:\/\/lesgitesdelachouetteblanche.fr\/"},{"@type":"ListItem","position":2,"name":"Qui sommes-nous?"}]},{"@type":"WebSite","@id":"https:\/\/lesgitesdelachouetteblanche.fr\/#website","url":"https:\/\/lesgitesdelachouetteblanche.fr\/","name":"Les G\u00eetes de la Chouette Blanche","description":"","publisher":{"@id":"https:\/\/lesgitesdelachouetteblanche.fr\/#organization"},"potentialAction":[{"@type":"SearchAction","target":{"@type":"EntryPoint","urlTemplate":"https:\/\/lesgitesdelachouetteblanche.fr\/?s={search_term_string}"},"query-input":{"@type":"PropertyValueSpecification","valueRequired":true,"valueName":"search_term_string"}}],"inLanguage":"fr-FR"},{"@type":"Organization","@id":"https:\/\/lesgitesdelachouetteblanche.fr\/#organization","name":"Les G\u00eetes de la Chouette Blanche","url":"https:\/\/lesgitesdelachouetteblanche.fr\/","logo":{"@type":"ImageObject","inLanguage":"fr-FR","@id":"https:\/\/lesgitesdelachouetteblanche.fr\/#\/schema\/logo\/image\/","url":"http:\/\/lesgitesdelachouetteblanche.fr\/wp-content\/uploads\/2021\/07\/cropped-cropped-cropped-Logo-LGDLCB_2-1.png","contentUrl":"http:\/\/lesgitesdelachouetteblanche.fr\/wp-content\/uploads\/2021\/07\/cropped-cropped-cropped-Logo-LGDLCB_2-1.png","width":512,"height":512,"caption":"Les G\u00eetes de la Chouette Blanche"},"image":{"@id":"https:\/\/lesgitesdelachouetteblanche.fr\/#\/schema\/logo\/image\/"},"sameAs":["https:\/\/www.facebook.com\/legitedelachouetteblanche","https:\/\/www.instagram.com\/gitesdelachouetteblanche\/"]}]}},"_links":{"self":[{"href":"https:\/\/lesgitesdelachouetteblanche.fr\/index.php?rest_route=\/wp\/v2\/pages\/27","targetHints":{"allow":["GET"]}}],"collection":[{"href":"https:\/\/lesgitesdelachouetteblanche.fr\/index.php?rest_route=\/wp\/v2\/pages"}],"about":[{"href":"https:\/\/lesgitesdelachouetteblanche.fr\/index.php?rest_route=\/wp\/v2\/types\/page"}],"author":[{"embeddable":true,"href":"https:\/\/lesgitesdelachouetteblanche.fr\/index.php?rest_route=\/wp\/v2\/users\/1"}],"replies":[{"embeddable":true,"href":"https:\/\/lesgitesdelachouetteblanche.fr\/index.php?rest_route=%2Fwp%2Fv2%2Fcomments&post=27"}],"version-history":[{"count":50,"href":"https:\/\/lesgitesdelachouetteblanche.fr\/index.php?rest_route=\/wp\/v2\/pages\/27\/revisions"}],"predecessor-version":[{"id":2178,"href":"https:\/\/lesgitesdelachouetteblanche.fr\/index.php?rest_route=\/wp\/v2\/pages\/27\/revisions\/2178"}],"wp:attachment":[{"href":"https:\/\/lesgitesdelachouetteblanche.fr\/index.php?rest_route=%2Fwp%2Fv2%2Fmedia&parent=27"}],"curies":[{"name":"wp","href":"https:\/\/api.w.org\/{rel}","templated":true}]}}